{"id":14,"date":"2024-02-03T17:36:28","date_gmt":"2024-02-03T20:36:28","guid":{"rendered":"https:\/\/alexandreerdmann.com.br\/pericia\/?page_id=14"},"modified":"2024-02-11T19:17:54","modified_gmt":"2024-02-11T22:17:54","slug":"curriculum","status":"publish","type":"page","link":"https:\/\/alexandreerdmann.com.br\/pericia\/curriculum\/","title":{"rendered":"Curriculum"},"content":{"rendered":"\t\t<div data-elementor-type=\"wp-page\" data-elementor-id=\"14\" class=\"elementor elementor-14\" data-elementor-post-type=\"page\">\n\t\t\t\t<div data-particle_enable=\"false\" data-particle-mobile-disabled=\"false\" class=\"elementor-element elementor-element-7f435b15 e-con-full e-flex e-con e-parent\" data-id=\"7f435b15\" data-element_type=\"container\" data-settings=\"{&quot;background_background&quot;:&quot;classic&quot;,&quot;content_width&quot;:&quot;full&quot;}\" data-core-v316-plus=\"true\">\n\t\t\t\t<div class=\"elementor-element elementor-element-7f9fb62e elementor-widget__width-initial eael_advanced_menu_hamburger_disable_selected_menu_no eael-advanced-menu-hamburger-align-right eael-advanced-menu--no eael-hamburger--tablet elementor-widget elementor-widget-eael-advanced-menu\" data-id=\"7f9fb62e\" data-element_type=\"widget\" data-widget_type=\"eael-advanced-menu.skin-three\">\n\t\t\t\t<div class=\"elementor-widget-container\">\n\t\t\t<div data-hamburger-icon=\"&lt;svg aria-hidden=&quot;true&quot; class=&quot;e-font-icon-svg e-fas-bars&quot; viewBox=&quot;0 0 448 512&quot; xmlns=&quot;http:\/\/www.w3.org\/2000\/svg&quot;&gt;&lt;path d=&quot;M16 132h416c8.837 0 16-7.163 16-16V76c0-8.837-7.163-16-16-16H16C7.163 60 0 67.163 0 76v40c0 8.837 7.163 16 16 16zm0 160h416c8.837 0 16-7.163 16-16v-40c0-8.837-7.163-16-16-16H16c-8.837 0-16 7.163-16 16v40c0 8.837 7.163 16 16 16zm0 160h416c8.837 0 16-7.163 16-16v-40c0-8.837-7.163-16-16-16H16c-8.837 0-16 7.163-16 16v40c0 8.837 7.163 16 16 16z&quot;&gt;&lt;\/path&gt;&lt;\/svg&gt;\" class=\"eael-advanced-menu-container eael-advanced-menu-align-center eael-advanced-menu-dropdown-align-left\" data-indicator-class=\"fas fa-angle-down fa-solid\" data-dropdown-indicator-class=\"fas fa-angle-down fa-solid\" data-hamburger-breakpoints=\"{&quot;mobile&quot;:&quot;Dispositivos m\\u00f3veis no modo retrato (&gt; 767px)&quot;,&quot;tablet&quot;:&quot;Tablet no modo retrato (&gt; 1024px)&quot;,&quot;desktop&quot;:&quot;Desktop (&gt; 2400px)&quot;,&quot;none&quot;:&quot;None&quot;}\" data-hamburger-device=\"tablet\"><ul id=\"menu-menu-principal\" class=\"eael-advanced-menu eael-advanced-menu-dropdown-animate-to-top eael-advanced-menu-indicator eael-advanced-menu-horizontal\"><li id=\"menu-item-24\" class=\"menu-item menu-item-type-post_type menu-item-object-page menu-item-home menu-item-24\"><a href=\"https:\/\/alexandreerdmann.com.br\/pericia\/\">Home<\/a><\/li>\n<li id=\"menu-item-22\" class=\"menu-item menu-item-type-post_type menu-item-object-page menu-item-22\"><a href=\"https:\/\/alexandreerdmann.com.br\/pericia\/curriculum\/\">Curriculum<\/a><\/li>\n<li id=\"menu-item-25\" class=\"menu-item menu-item-type-custom menu-item-object-custom menu-item-has-children menu-item-25\"><a href=\"#\">Tipos de Per\u00edcias<\/a>\n<ul class=\"sub-menu\">\n\t<li id=\"menu-item-23\" class=\"menu-item menu-item-type-post_type menu-item-object-page menu-item-23\"><a href=\"https:\/\/alexandreerdmann.com.br\/pericia\/pericia-grafotecnica\/\">Per\u00edcia Grafot\u00e9cnica<\/a><\/li>\n\t<li id=\"menu-item-88\" class=\"menu-item menu-item-type-post_type menu-item-object-page menu-item-88\"><a href=\"https:\/\/alexandreerdmann.com.br\/pericia\/documentoscopia\/\">Documentoscopia<\/a><\/li>\n\t<li id=\"menu-item-21\" class=\"menu-item menu-item-type-post_type menu-item-object-page menu-item-21\"><a href=\"https:\/\/alexandreerdmann.com.br\/pericia\/investigador-de-usucapiao\/\">Investigador de Usucapi\u00e3o<\/a><\/li>\n\t<li id=\"menu-item-20\" class=\"menu-item menu-item-type-post_type menu-item-object-page menu-item-20\"><a href=\"https:\/\/alexandreerdmann.com.br\/pericia\/avaliador-de-bens-moveis\/\">Avaliador de Bens M\u00f3veis<\/a><\/li>\n<\/ul>\n<\/li>\n<\/ul><\/div>\t\t<\/div>\n\t\t\t\t<\/div>\n\t\t\t\t<\/div>\n\t\t<div data-particle_enable=\"false\" data-particle-mobile-disabled=\"false\" class=\"elementor-element elementor-element-2077d79f e-flex e-con-boxed e-con e-parent\" data-id=\"2077d79f\" data-element_type=\"container\" data-settings=\"{&quot;content_width&quot;:&quot;boxed&quot;}\" data-core-v316-plus=\"true\">\n\t\t\t\t\t<div class=\"e-con-inner\">\n\t\t\t\t<div class=\"elementor-element elementor-element-2bf2ef6b elementor-widget elementor-widget-heading\" data-id=\"2bf2ef6b\" data-element_type=\"widget\" data-widget_type=\"heading.default\">\n\t\t\t\t<div class=\"elementor-widget-container\">\n\t\t\t<style>\/*! elementor - v3.19.0 - 07-02-2024 *\/\n.elementor-heading-title{padding:0;margin:0;line-height:1}.elementor-widget-heading .elementor-heading-title[class*=elementor-size-]>a{color:inherit;font-size:inherit;line-height:inherit}.elementor-widget-heading .elementor-heading-title.elementor-size-small{font-size:15px}.elementor-widget-heading .elementor-heading-title.elementor-size-medium{font-size:19px}.elementor-widget-heading .elementor-heading-title.elementor-size-large{font-size:29px}.elementor-widget-heading .elementor-heading-title.elementor-size-xl{font-size:39px}.elementor-widget-heading .elementor-heading-title.elementor-size-xxl{font-size:59px}<\/style><h2 class=\"elementor-heading-title elementor-size-default\">CURRICULUM<\/h2>\t\t<\/div>\n\t\t\t\t<\/div>\n\t\t\t\t<div class=\"elementor-element elementor-element-79fc96c elementor-widget elementor-widget-shortcode\" data-id=\"79fc96c\" data-element_type=\"widget\" data-widget_type=\"shortcode.default\">\n\t\t\t\t<div class=\"elementor-widget-container\">\n\t\t\t\t\t<div class=\"elementor-shortcode\"><div class=\"_3d-flip-book  fb3d-fullscreen-mode full-size\" data-id=\"136\" data-mode=\"fullscreen\" data-title=\"false\" data-template=\"short-white-book-view\" data-lightbox=\"dark-shadow\" data-urlparam=\"fb3d-page\" data-page-n=\"0\" data-pdf=\"\" data-tax=\"null\" data-thumbnail=\"\" data-cols=\"3\" data-book-template=\"default\"><\/div><script type=\"text\/javascript\">window.FB3D_CLIENT_DATA = window.FB3D_CLIENT_DATA || [];window.FB3D_CLIENT_DATA.push('eyJwb3N0cyI6eyIxMzYiOnsiSUQiOjEzNiwidGl0bGUiOiJDdXJyaWN1bHVtIiwidHlwZSI6InBkZiIsInJlYWR5X2Z1bmN0aW9uIjoiIiwiYm9va19zdHlsZSI6ImZsYXQiLCJib29rX3RlbXBsYXRlIjoibm9uZSIsIm91dGxpbmUiOltdLCJkYXRhIjp7InBvc3RfSUQiOiIxMzciLCJndWlkIjoiaHR0cHM6XC9cL2FsZXhhbmRyZWVyZG1hbm4uY29tLmJyXC9wZXJpY2lhXC93cC1jb250ZW50XC91cGxvYWRzXC8yMDI0XC8wMlwvQWxleGFuZHJlX0VyZG1hbm5fU2lsdmFfQ3VycmljdWxvX1Blcml0by5wZGYiLCJwZGZfcGFnZXMiOiIxIiwicGFnZXNfY3VzdG9taXphdGlvbiI6Im5vbmUifSwidGh1bWJuYWlsIjp7ImRhdGEiOnsicG9zdF9JRCI6IjAifSwidHlwZSI6ImF1dG8ifSwicHJvcHMiOnsiYmFja2dyb3VuZENvbG9yIjoiYXV0byIsImJhY2tncm91bmRJbWFnZSI6ImF1dG8iLCJiYWNrZ3JvdW5kU3R5bGUiOiJhdXRvIiwiaGlnaGxpZ2h0TGlua3MiOiJhdXRvIiwibGlnaHRpbmciOiJhdXRvIiwiY2FjaGVkUGFnZXMiOiJhdXRvIiwicmVuZGVySW5hY3RpdmVQYWdlcyI6ImF1dG8iLCJyZW5kZXJJbmFjdGl2ZVBhZ2VzT25Nb2JpbGUiOiJhdXRvIiwicmVuZGVyV2hpbGVGbGlwcGluZyI6ImF1dG8iLCJwcmVsb2FkUGFnZXMiOiJhdXRvIiwiYXV0b1BsYXlEdXJhdGlvbiI6ImF1dG8iLCJydGwiOiJhdXRvIiwiaW50ZXJhY3RpdmVDb3JuZXJzIjoiYXV0byIsIm1heERlcHRoIjoiYXV0byIsInNoZWV0Ijp7InN0YXJ0VmVsb2NpdHkiOiJhdXRvIiwid2F2ZSI6ImF1dG8iLCJzaGFwZSI6ImF1dG8iLCJ3aWR0aFRleGVscyI6ImF1dG8iLCJjb2xvciI6ImF1dG8iLCJzaWRlIjoiYXV0byIsImNvcm5lckRldmlhdGlvbiI6ImF1dG8iLCJmbGV4aWJpbGl0eSI6ImF1dG8iLCJmbGV4aWJsZUNvcm5lciI6ImF1dG8iLCJiZW5kaW5nIjoiYXV0byIsImhlaWdodFRleGVscyI6ImF1dG8ifSwiY292ZXIiOnsid2F2ZSI6ImF1dG8iLCJjb2xvciI6ImF1dG8iLCJzaWRlIjoiYXV0byIsImJpbmRlclRleHR1cmUiOiJhdXRvIiwiZGVwdGgiOiJhdXRvIiwicGFkZGluZyI6ImF1dG8iLCJzdGFydFZlbG9jaXR5IjoiYXV0byIsImZsZXhpYmlsaXR5IjoiYXV0byIsImZsZXhpYmxlQ29ybmVyIjoiYXV0byIsImJlbmRpbmciOiJhdXRvIiwid2lkdGhUZXhlbHMiOiJhdXRvIiwiaGVpZ2h0VGV4ZWxzIjoiYXV0byIsIm1hc3MiOiJhdXRvIiwic2hhcGUiOiJhdXRvIn0sInBhZ2UiOnsid2F2ZSI6ImF1dG8iLCJjb2xvciI6ImF1dG8iLCJzaWRlIjoiYXV0byIsImRlcHRoIjoiYXV0byIsInN0YXJ0VmVsb2NpdHkiOiJhdXRvIiwiZmxleGliaWxpdHkiOiJhdXRvIiwiZmxleGlibGVDb3JuZXIiOiJhdXRvIiwiYmVuZGluZyI6ImF1dG8iLCJ3aWR0aFRleGVscyI6ImF1dG8iLCJoZWlnaHRUZXhlbHMiOiJhdXRvIiwibWFzcyI6ImF1dG8iLCJzaGFwZSI6ImF1dG8ifSwiaGVpZ2h0IjoiYXV0byIsIndpZHRoIjoiYXV0byIsImdyYXZpdHkiOiJhdXRvIiwicGFnZXNGb3JQcmVkaWN0aW5nIjoiYXV0byJ9LCJjb250cm9sUHJvcHMiOnsiYWN0aW9ucyI6eyJjbWRUb2MiOnsiZW5hYmxlZCI6ImF1dG8iLCJlbmFibGVkSW5OYXJyb3ciOiJhdXRvIiwiYWN0aXZlIjoiYXV0byIsImRlZmF1bHRUYWIiOiJhdXRvIn0sImNtZEF1dG9QbGF5Ijp7ImVuYWJsZWQiOiJhdXRvIiwiZW5hYmxlZEluTmFycm93IjoiYXV0byIsImFjdGl2ZSI6ImF1dG8ifSwiY21kU2F2ZSI6eyJlbmFibGVkIjoiYXV0byIsImVuYWJsZWRJbk5hcnJvdyI6ImF1dG8ifSwiY21kUHJpbnQiOnsiZW5hYmxlZCI6ImF1dG8iLCJlbmFibGVkSW5OYXJyb3ciOiJhdXRvIn0sImNtZFNpbmdsZVBhZ2UiOnsiZW5hYmxlZCI6ImF1dG8iLCJlbmFibGVkSW5OYXJyb3ciOiJhdXRvIiwiYWN0aXZlIjoiYXV0byIsImFjdGl2ZUZvck1vYmlsZSI6ImF1dG8ifSwid2lkVG9vbGJhciI6eyJlbmFibGVkIjoiYXV0byIsImVuYWJsZWRJbk5hcnJvdyI6ImF1dG8ifX19LCJhdXRvVGh1bWJuYWlsIjoiaHR0cHM6XC9cL2FsZXhhbmRyZWVyZG1hbm4uY29tLmJyXC9wZXJpY2lhXC93cC1jb250ZW50XC91cGxvYWRzXC8zZC1mbGlwLWJvb2tcL2F1dG8tdGh1bWJuYWlsc1wvMTM2LnBuZyIsInBvc3RfbmFtZSI6ImN1cnJpY3VsdW0iLCJwb3N0X3R5cGUiOiIzZC1mbGlwLWJvb2sifX0sInBhZ2VzIjpbXSwiZmlyc3RQYWdlcyI6W119');window.FB3D_CLIENT_LOCALE && window.FB3D_CLIENT_LOCALE.render();<\/script><\/div>\n\t\t\t\t<\/div>\n\t\t\t\t<\/div>\n\t\t\t\t\t<\/div>\n\t\t\t\t<\/div>\n\t\t<div data-particle_enable=\"false\" data-particle-mobile-disabled=\"false\" class=\"elementor-element elementor-element-39f5aec1 e-con-full e-flex e-con e-parent\" data-id=\"39f5aec1\" data-element_type=\"container\" data-settings=\"{&quot;content_width&quot;:&quot;full&quot;,&quot;background_background&quot;:&quot;classic&quot;}\" data-core-v316-plus=\"true\">\n\t\t\t\t<div class=\"elementor-element elementor-element-72ffb5ac elementor-widget elementor-widget-heading\" data-id=\"72ffb5ac\" data-element_type=\"widget\" data-widget_type=\"heading.default\">\n\t\t\t\t<div class=\"elementor-widget-container\">\n\t\t\t<h2 class=\"elementor-heading-title elementor-size-default\">PRECISA DE UM ASSISTENTE T\u00c9CNICO OU PERITO?<\/h2>\t\t<\/div>\n\t\t\t\t<\/div>\n\t\t\t\t<\/div>\n\t\t\t\t<\/div>\n\t\t","protected":false},"excerpt":{"rendered":"<p>Home Curriculum Tipos de Per\u00edcias Per\u00edcia Grafot\u00e9cnica Documentoscopia Investigador de Usucapi\u00e3o Avaliador de Bens M\u00f3veis CURRICULUM PRECISA DE UM ASSISTENTE T\u00c9CNICO OU PERITO?<\/p>\n","protected":false},"author":1,"featured_media":0,"parent":0,"menu_order":0,"comment_status":"closed","ping_status":"closed","template":"elementor_canvas","meta":{"footnotes":""},"_links":{"self":[{"href":"https:\/\/alexandreerdmann.com.br\/pericia\/wp-json\/wp\/v2\/pages\/14"}],"collection":[{"href":"https:\/\/alexandreerdmann.com.br\/pericia\/wp-json\/wp\/v2\/pages"}],"about":[{"href":"https:\/\/alexandreerdmann.com.br\/pericia\/wp-json\/wp\/v2\/types\/page"}],"author":[{"embeddable":true,"href":"https:\/\/alexandreerdmann.com.br\/pericia\/wp-json\/wp\/v2\/users\/1"}],"replies":[{"embeddable":true,"href":"https:\/\/alexandreerdmann.com.br\/pericia\/wp-json\/wp\/v2\/comments?post=14"}],"version-history":[{"count":4,"href":"https:\/\/alexandreerdmann.com.br\/pericia\/wp-json\/wp\/v2\/pages\/14\/revisions"}],"predecessor-version":[{"id":141,"href":"https:\/\/alexandreerdmann.com.br\/pericia\/wp-json\/wp\/v2\/pages\/14\/revisions\/141"}],"wp:attachment":[{"href":"https:\/\/alexandreerdmann.com.br\/pericia\/wp-json\/wp\/v2\/media?parent=14"}],"curies":[{"name":"wp","href":"https:\/\/api.w.org\/{rel}","templated":true}]}}